{"id":751,"date":"2023-10-21T09:45:48","date_gmt":"2023-10-21T09:45:48","guid":{"rendered":"http:\/\/localhost\/indostio\/?page_id=751"},"modified":"2026-04-27T01:31:36","modified_gmt":"2026-04-27T01:31:36","slug":"case-studies","status":"publish","type":"page","link":"https:\/\/rotaryvalveco.com\/fr\/case-studies\/","title":{"rendered":"\u00c9tudes de cas"},"content":{"rendered":"<div data-elementor-type=\"wp-page\" data-elementor-id=\"751\" class=\"elementor elementor-751\" data-elementor-post-type=\"page\">\n\t\t\t\t<div class=\"elementor-element elementor-element-3093712 e-flex e-con-boxed e-con e-parent\" data-id=\"3093712\" data-element_type=\"container\" data-e-type=\"container\">\n\t\t\t\t\t<div class=\"e-con-inner\">\n\t\t\t\t<div class=\"elementor-element elementor-element-49fe0f5 elementor-widget elementor-widget-indostio-section-title\" data-id=\"49fe0f5\" data-element_type=\"widget\" data-e-type=\"widget\" data-widget_type=\"indostio-section-title.default\">\n\t\t\t\t<div class=\"elementor-widget-container\">\n\t\t\t\t\t\t\t<div class=\"indostio-section-title\">\r\n\t\t\t\t<div class=\"indostio-section-title__content\">\r\n\t\t\t\t\t\t\t\t\t\t\t<span class=\"indostio-section-title_subheading\">La confiance des grandes marques mondiales<\/span>\r\n\t\t\t\t\t\t\t\t\t\t<h2 class=\"indostio-section-title_heading\">\r\n\t\t\t\t\t\t\u00c9tudes de cas de clients s\u00e9lectionn\u00e9s<br class=\"hidden-xs\">\nApplications industrielles r\u00e9elles\t\t\t\t\t<\/h2>\r\n\t\t\t\t\t\t\t\t\t<\/div>\r\n\t\t\t\t\t\t\t<\/div>\r\n\t\t\t\t\t\t<\/div>\n\t\t\t\t<\/div>\n\t\t\t\t\t<\/div>\n\t\t\t\t<\/div>\n\t\t<div class=\"elementor-element elementor-element-8a77cb5 e-flex e-con-boxed e-con e-parent\" data-id=\"8a77cb5\" data-element_type=\"container\" data-e-type=\"container\">\n\t\t\t\t\t<div class=\"e-con-inner\">\n\t\t\t\t<div class=\"elementor-element elementor-element-037b998 elementor-widget elementor-widget-indostio-portfolio-grid\" data-id=\"037b998\" data-element_type=\"widget\" data-e-type=\"widget\" data-widget_type=\"indostio-portfolio-grid.default\">\n\t\t\t\t<div class=\"elementor-widget-container\">\n\t\t\t\t\t<ul class=\"indostio-portfolio-grid__cats\"><li><a href=\"#\" class=\"active\" data-filter=\"*\">Show All<\/a><\/li><li><a href=\"#\" class=\"\" data-filter=\".indostio_portfolio_cat-food\">Alimentation<\/a><\/li><li><a href=\"#\" class=\"\" data-filter=\".indostio_portfolio_cat-pharmaceutical\">Pharmaceutique<\/a><\/li><li><a href=\"#\" class=\"\" data-filter=\".indostio_portfolio_cat-chemical\">Chimique<\/a><\/li><\/ul><div class=\"indostio-portfolio-grid\"><div class=\"indostio-portfolio-grid__item post-690 indostio_portfolio type-indostio_portfolio status-publish has-post-thumbnail hentry indostio_portfolio_cat-food\">\r\n\t\t\t\t\t<a href=\"https:\/\/rotaryvalveco.com\/fr\/portfolio\/unilever-tianjin-food-factory\/\" class=\"indostio-portfolio-grid__link\">\r\n\t\t\t\t\t\t<div class=\"indostio-portfolio-grid__image\"><img fetchpriority=\"high\" decoding=\"async\" width=\"370\" height=\"270\" src=\"https:\/\/rotaryvalveco.com\/wp-content\/uploads\/2023\/10\/case1-370x270.png\" class=\"attachment-indostio-portfolio-thumbnail size-indostio-portfolio-thumbnail wp-image-3621\" alt=\"\" srcset=\"https:\/\/rotaryvalveco.com\/wp-content\/uploads\/2023\/10\/case1-370x270.png 370w, https:\/\/rotaryvalveco.com\/wp-content\/uploads\/2023\/10\/case1-300x219.png 300w, https:\/\/rotaryvalveco.com\/wp-content\/uploads\/2023\/10\/case1-1024x747.png 1024w, https:\/\/rotaryvalveco.com\/wp-content\/uploads\/2023\/10\/case1-768x560.png 768w, https:\/\/rotaryvalveco.com\/wp-content\/uploads\/2023\/10\/case1-1536x1121.png 1536w, https:\/\/rotaryvalveco.com\/wp-content\/uploads\/2023\/10\/case1-2048x1494.png 2048w, https:\/\/rotaryvalveco.com\/wp-content\/uploads\/2023\/10\/case1-16x12.png 16w, https:\/\/rotaryvalveco.com\/wp-content\/uploads\/2023\/10\/case1-600x438.png 600w\" sizes=\"(max-width: 370px) 100vw, 370px\" \/><span class=\"indostio-svg-icon\"><svg aria-hidden=\"true\" role=\"img\" focusable=\"false\" width=\"21\" height=\"21\" viewbox=\"0 0 21 21\" fill=\"none\" xmlns=\"http:\/\/www.w3.org\/2000\/svg\"><path d=\"M5.67895 6.04462L5.65685 6.90641C5.65685 7.12738 5.83363 7.30416 6.0325 7.28206H12.8826L5.34749 14.8172C5.19282 14.9718 5.21491 15.2149 5.34749 15.3475L5.96621 15.9662C6.12089 16.1209 6.34186 16.1209 6.49654 15.9662L14.0316 8.43111L14.0537 15.3033C14.0316 15.5022 14.2084 15.679 14.4294 15.679L15.2912 15.6569C15.4901 15.679 15.6668 15.5022 15.6668 15.2812V6.04462C15.6668 5.82365 15.5122 5.66897 15.2912 5.66897H6.0546C5.83363 5.66897 5.65685 5.84575 5.67895 6.04462Z\" fill=\"currentColor\"\/><\/svg><\/span><\/div>\r\n\t\t\t\t\t\t<div class=\"indostio-portfolio-grid__title\">Unilever (Tianjin) Food Factory<span class=\"indostio-svg-icon\"><svg aria-hidden=\"true\" role=\"img\" focusable=\"false\" width=\"21\" height=\"21\" viewbox=\"0 0 21 21\" fill=\"none\" xmlns=\"http:\/\/www.w3.org\/2000\/svg\"><path d=\"M5.67895 6.04462L5.65685 6.90641C5.65685 7.12738 5.83363 7.30416 6.0325 7.28206H12.8826L5.34749 14.8172C5.19282 14.9718 5.21491 15.2149 5.34749 15.3475L5.96621 15.9662C6.12089 16.1209 6.34186 16.1209 6.49654 15.9662L14.0316 8.43111L14.0537 15.3033C14.0316 15.5022 14.2084 15.679 14.4294 15.679L15.2912 15.6569C15.4901 15.679 15.6668 15.5022 15.6668 15.2812V6.04462C15.6668 5.82365 15.5122 5.66897 15.2912 5.66897H6.0546C5.83363 5.66897 5.65685 5.84575 5.67895 6.04462Z\" fill=\"currentColor\"\/><\/svg><\/span><\/div>\r\n\t\t\t\t\t<\/a>\r\n\t\t\t\t<\/div><div class=\"indostio-portfolio-grid__item post-687 indostio_portfolio type-indostio_portfolio status-publish has-post-thumbnail hentry indostio_portfolio_cat-pharmaceutical\">\r\n\t\t\t\t\t<a href=\"https:\/\/rotaryvalveco.com\/fr\/portfolio\/biostime-guangzhou-plant\/\" class=\"indostio-portfolio-grid__link\">\r\n\t\t\t\t\t\t<div class=\"indostio-portfolio-grid__image\"><img decoding=\"async\" width=\"370\" height=\"270\" src=\"https:\/\/rotaryvalveco.com\/wp-content\/uploads\/2023\/10\/case2-370x270.png\" class=\"attachment-indostio-portfolio-thumbnail size-indostio-portfolio-thumbnail wp-image-3622\" alt=\"Biostime (H&amp;H Group) Guangzhou Plant\" srcset=\"https:\/\/rotaryvalveco.com\/wp-content\/uploads\/2023\/10\/case2-370x270.png 370w, https:\/\/rotaryvalveco.com\/wp-content\/uploads\/2023\/10\/case2-300x219.png 300w, https:\/\/rotaryvalveco.com\/wp-content\/uploads\/2023\/10\/case2-1024x747.png 1024w, https:\/\/rotaryvalveco.com\/wp-content\/uploads\/2023\/10\/case2-768x560.png 768w, https:\/\/rotaryvalveco.com\/wp-content\/uploads\/2023\/10\/case2-1536x1121.png 1536w, https:\/\/rotaryvalveco.com\/wp-content\/uploads\/2023\/10\/case2-2048x1494.png 2048w, https:\/\/rotaryvalveco.com\/wp-content\/uploads\/2023\/10\/case2-16x12.png 16w, https:\/\/rotaryvalveco.com\/wp-content\/uploads\/2023\/10\/case2-600x438.png 600w\" sizes=\"(max-width: 370px) 100vw, 370px\" \/><span class=\"indostio-svg-icon\"><svg aria-hidden=\"true\" role=\"img\" focusable=\"false\" width=\"21\" height=\"21\" viewbox=\"0 0 21 21\" fill=\"none\" xmlns=\"http:\/\/www.w3.org\/2000\/svg\"><path d=\"M5.67895 6.04462L5.65685 6.90641C5.65685 7.12738 5.83363 7.30416 6.0325 7.28206H12.8826L5.34749 14.8172C5.19282 14.9718 5.21491 15.2149 5.34749 15.3475L5.96621 15.9662C6.12089 16.1209 6.34186 16.1209 6.49654 15.9662L14.0316 8.43111L14.0537 15.3033C14.0316 15.5022 14.2084 15.679 14.4294 15.679L15.2912 15.6569C15.4901 15.679 15.6668 15.5022 15.6668 15.2812V6.04462C15.6668 5.82365 15.5122 5.66897 15.2912 5.66897H6.0546C5.83363 5.66897 5.65685 5.84575 5.67895 6.04462Z\" fill=\"currentColor\"\/><\/svg><\/span><\/div>\r\n\t\t\t\t\t\t<div class=\"indostio-portfolio-grid__title\">Biostime (H&amp;H Group) Usine de Guangzhou<span class=\"indostio-svg-icon\"><svg aria-hidden=\"true\" role=\"img\" focusable=\"false\" width=\"21\" height=\"21\" viewbox=\"0 0 21 21\" fill=\"none\" xmlns=\"http:\/\/www.w3.org\/2000\/svg\"><path d=\"M5.67895 6.04462L5.65685 6.90641C5.65685 7.12738 5.83363 7.30416 6.0325 7.28206H12.8826L5.34749 14.8172C5.19282 14.9718 5.21491 15.2149 5.34749 15.3475L5.96621 15.9662C6.12089 16.1209 6.34186 16.1209 6.49654 15.9662L14.0316 8.43111L14.0537 15.3033C14.0316 15.5022 14.2084 15.679 14.4294 15.679L15.2912 15.6569C15.4901 15.679 15.6668 15.5022 15.6668 15.2812V6.04462C15.6668 5.82365 15.5122 5.66897 15.2912 5.66897H6.0546C5.83363 5.66897 5.65685 5.84575 5.67895 6.04462Z\" fill=\"currentColor\"\/><\/svg><\/span><\/div>\r\n\t\t\t\t\t<\/a>\r\n\t\t\t\t<\/div><div class=\"indostio-portfolio-grid__item post-684 indostio_portfolio type-indostio_portfolio status-publish has-post-thumbnail hentry indostio_portfolio_cat-chemical\">\r\n\t\t\t\t\t<a href=\"https:\/\/rotaryvalveco.com\/fr\/portfolio\/henkel-adhesives-production-line\/\" class=\"indostio-portfolio-grid__link\">\r\n\t\t\t\t\t\t<div class=\"indostio-portfolio-grid__image\"><img decoding=\"async\" width=\"370\" height=\"270\" src=\"https:\/\/rotaryvalveco.com\/wp-content\/uploads\/2023\/10\/case3-370x270.png\" class=\"attachment-indostio-portfolio-thumbnail size-indostio-portfolio-thumbnail wp-image-3624\" alt=\"\" srcset=\"https:\/\/rotaryvalveco.com\/wp-content\/uploads\/2023\/10\/case3-370x270.png 370w, https:\/\/rotaryvalveco.com\/wp-content\/uploads\/2023\/10\/case3-300x219.png 300w, https:\/\/rotaryvalveco.com\/wp-content\/uploads\/2023\/10\/case3-1024x747.png 1024w, https:\/\/rotaryvalveco.com\/wp-content\/uploads\/2023\/10\/case3-768x560.png 768w, https:\/\/rotaryvalveco.com\/wp-content\/uploads\/2023\/10\/case3-1536x1121.png 1536w, https:\/\/rotaryvalveco.com\/wp-content\/uploads\/2023\/10\/case3-2048x1494.png 2048w, https:\/\/rotaryvalveco.com\/wp-content\/uploads\/2023\/10\/case3-16x12.png 16w, https:\/\/rotaryvalveco.com\/wp-content\/uploads\/2023\/10\/case3-600x438.png 600w\" sizes=\"(max-width: 370px) 100vw, 370px\" \/><span class=\"indostio-svg-icon\"><svg aria-hidden=\"true\" role=\"img\" focusable=\"false\" width=\"21\" height=\"21\" viewbox=\"0 0 21 21\" fill=\"none\" xmlns=\"http:\/\/www.w3.org\/2000\/svg\"><path d=\"M5.67895 6.04462L5.65685 6.90641C5.65685 7.12738 5.83363 7.30416 6.0325 7.28206H12.8826L5.34749 14.8172C5.19282 14.9718 5.21491 15.2149 5.34749 15.3475L5.96621 15.9662C6.12089 16.1209 6.34186 16.1209 6.49654 15.9662L14.0316 8.43111L14.0537 15.3033C14.0316 15.5022 14.2084 15.679 14.4294 15.679L15.2912 15.6569C15.4901 15.679 15.6668 15.5022 15.6668 15.2812V6.04462C15.6668 5.82365 15.5122 5.66897 15.2912 5.66897H6.0546C5.83363 5.66897 5.65685 5.84575 5.67895 6.04462Z\" fill=\"currentColor\"\/><\/svg><\/span><\/div>\r\n\t\t\t\t\t\t<div class=\"indostio-portfolio-grid__title\">Ligne de production Henkel (adh\u00e9sifs)<span class=\"indostio-svg-icon\"><svg aria-hidden=\"true\" role=\"img\" focusable=\"false\" width=\"21\" height=\"21\" viewbox=\"0 0 21 21\" fill=\"none\" xmlns=\"http:\/\/www.w3.org\/2000\/svg\"><path d=\"M5.67895 6.04462L5.65685 6.90641C5.65685 7.12738 5.83363 7.30416 6.0325 7.28206H12.8826L5.34749 14.8172C5.19282 14.9718 5.21491 15.2149 5.34749 15.3475L5.96621 15.9662C6.12089 16.1209 6.34186 16.1209 6.49654 15.9662L14.0316 8.43111L14.0537 15.3033C14.0316 15.5022 14.2084 15.679 14.4294 15.679L15.2912 15.6569C15.4901 15.679 15.6668 15.5022 15.6668 15.2812V6.04462C15.6668 5.82365 15.5122 5.66897 15.2912 5.66897H6.0546C5.83363 5.66897 5.65685 5.84575 5.67895 6.04462Z\" fill=\"currentColor\"\/><\/svg><\/span><\/div>\r\n\t\t\t\t\t<\/a>\r\n\t\t\t\t<\/div><\/div>\t\t\t\t<\/div>\n\t\t\t\t<\/div>\n\t\t\t\t\t<\/div>\n\t\t\t\t<\/div>\n\t\t\t\t<\/div>","protected":false},"excerpt":{"rendered":"<p>Trusted by Leading Global Brands Selected Client Case Studies Real Industrial Applications Show All Food Pharmaceutical Chemical Unilever (Tianjin) Food Factory\u200b Biostime (H&#038;H Group) Guangzhou plant Henkel (Adhesives) Production Line<\/p>","protected":false},"author":1,"featured_media":0,"parent":0,"menu_order":0,"comment_status":"closed","ping_status":"closed","template":"","meta":{"footnotes":""},"class_list":["post-751","page","type-page","status-publish","hentry"],"_links":{"self":[{"href":"https:\/\/rotaryvalveco.com\/fr\/wp-json\/wp\/v2\/pages\/751","targetHints":{"allow":["GET"]}}],"collection":[{"href":"https:\/\/rotaryvalveco.com\/fr\/wp-json\/wp\/v2\/pages"}],"about":[{"href":"https:\/\/rotaryvalveco.com\/fr\/wp-json\/wp\/v2\/types\/page"}],"author":[{"embeddable":true,"href":"https:\/\/rotaryvalveco.com\/fr\/wp-json\/wp\/v2\/users\/1"}],"replies":[{"embeddable":true,"href":"https:\/\/rotaryvalveco.com\/fr\/wp-json\/wp\/v2\/comments?post=751"}],"version-history":[{"count":22,"href":"https:\/\/rotaryvalveco.com\/fr\/wp-json\/wp\/v2\/pages\/751\/revisions"}],"predecessor-version":[{"id":3570,"href":"https:\/\/rotaryvalveco.com\/fr\/wp-json\/wp\/v2\/pages\/751\/revisions\/3570"}],"wp:attachment":[{"href":"https:\/\/rotaryvalveco.com\/fr\/wp-json\/wp\/v2\/media?parent=751"}],"curies":[{"name":"wp","href":"https:\/\/api.w.org\/{rel}","templated":true}]}}