{"id":434,"date":"2023-10-21T02:58:26","date_gmt":"2023-10-21T02:58:26","guid":{"rendered":"http:\/\/localhost\/indostio\/?page_id=434"},"modified":"2026-05-09T20:12:04","modified_gmt":"2026-05-09T20:12:04","slug":"contact-us","status":"publish","type":"page","link":"https:\/\/rotaryvalveco.com\/es_es\/contact-us\/","title":{"rendered":"Contacte con nosotros"},"content":{"rendered":"<div data-elementor-type=\"wp-page\" data-elementor-id=\"434\" class=\"elementor elementor-434\" data-elementor-post-type=\"page\">\n\t\t\t\t<div class=\"elementor-element elementor-element-231f7bb e-flex e-con-boxed e-con e-parent\" data-id=\"231f7bb\" data-element_type=\"container\" data-e-type=\"container\" data-settings=\"{&quot;background_background&quot;:&quot;classic&quot;}\">\n\t\t\t\t\t<div class=\"e-con-inner\">\n\t\t<div class=\"elementor-element elementor-element-e4b2658 e-flex e-con-boxed e-con e-child\" data-id=\"e4b2658\" data-element_type=\"container\" data-e-type=\"container\" data-settings=\"{&quot;background_background&quot;:&quot;classic&quot;}\">\n\t\t\t\t\t<div class=\"e-con-inner\">\n\t\t\t\t<div class=\"elementor-element elementor-element-a75f9c0 elementor-widget elementor-widget-indostio-heading\" data-id=\"a75f9c0\" data-element_type=\"widget\" data-e-type=\"widget\" data-widget_type=\"indostio-heading.default\">\n\t\t\t\t<div class=\"elementor-widget-container\">\n\t\t\t\t\t\t\t<div class=\"indostio-heading-elementor\">\r\n\t\t\t\t<h2 class=\"indostio-heading\">\r\n\t\t\t\t\tSolicitar presupuesto\t\t\t\t<\/h2>\r\n\t\t\t<\/div>\r\n\t\t\t\t\t\t<\/div>\n\t\t\t\t<\/div>\n\t\t\t\t<div class=\"elementor-element elementor-element-d2dca9d elementor-widget elementor-widget-text-editor\" data-id=\"d2dca9d\" data-element_type=\"widget\" data-e-type=\"widget\" data-widget_type=\"text-editor.default\">\n\t\t\t\t\t\t\t\t\t<p>Env\u00edenos sus requisitos y nuestro equipo le ayudar\u00e1 a elegir el equipo adecuado para aplicaciones de dosificaci\u00f3n, transporte, mezcla, cribado o descarga de polvo.<\/p><p>Obtenga asistencia experta para su proyecto de manipulaci\u00f3n de polvos.<\/p>\t\t\t\t\t\t\t\t<\/div>\n\t\t\t\t<div class=\"elementor-element elementor-element-c4c7fd6 elementor-widget elementor-widget-shortcode\" data-id=\"c4c7fd6\" data-element_type=\"widget\" data-e-type=\"widget\" data-widget_type=\"shortcode.default\">\n\t\t\t\t\t\t\t<div class=\"elementor-shortcode\">\n<div class=\"wpcf7 no-js\" id=\"wpcf7-f484-o1\" lang=\"en-US\" dir=\"ltr\" data-wpcf7-id=\"484\">\n<div class=\"screen-reader-response\"><p role=\"status\" aria-live=\"polite\" aria-atomic=\"true\"><\/p> <ul><\/ul><\/div>\n<form action=\"\/es_es\/wp-json\/wp\/v2\/pages\/434#wpcf7-f484-o1\" method=\"post\" class=\"wpcf7-form init\" aria-label=\"Contact form\" novalidate=\"novalidate\" data-status=\"init\" data-trp-original-action=\"\/es_es\/wp-json\/wp\/v2\/pages\/434#wpcf7-f484-o1\">\n<fieldset class=\"hidden-fields-container\"><input type=\"hidden\" name=\"_wpcf7\" value=\"484\" \/><input type=\"hidden\" name=\"_wpcf7_version\" value=\"6.1.5\" \/><input type=\"hidden\" name=\"_wpcf7_locale\" value=\"en_US\" \/><input type=\"hidden\" name=\"_wpcf7_unit_tag\" value=\"wpcf7-f484-o1\" \/><input type=\"hidden\" name=\"_wpcf7_container_post\" value=\"0\" \/><input type=\"hidden\" name=\"_wpcf7_posted_data_hash\" value=\"\" \/>\n<\/fieldset>\n<div class=\"indostio-contact-form\">\n\t<div class=\"indostio-col2\">\n\t\t<div class=\"col-1\">\n\t\t\t<p><span class=\"wpcf7-form-control-wrap\" data-name=\"your-name\"><input size=\"40\" maxlength=\"400\" class=\"wpcf7-form-control wpcf7-text wpcf7-validates-as-required\" aria-required=\"true\" aria-invalid=\"false\" placeholder=\"Nombre y apellidos\" value=\"\" type=\"text\" name=\"your-name\" \/><\/span>\n\t\t\t<\/p>\n\t\t<\/div>\n\t\t<div class=\"col-2\">\n\t\t\t<p><span class=\"wpcf7-form-control-wrap\" data-name=\"your-email\"><input size=\"40\" maxlength=\"400\" class=\"wpcf7-form-control wpcf7-email wpcf7-validates-as-required wpcf7-text wpcf7-validates-as-email\" aria-required=\"true\" aria-invalid=\"false\" placeholder=\"Correo electr\u00f3nico\" value=\"\" type=\"email\" name=\"your-email\" \/><\/span>\n\t\t\t<\/p>\n\t\t<\/div>\n\t\t<div class=\"col-1\">\n\t\t\t<p><span class=\"wpcf7-form-control-wrap\" data-name=\"your-phone\"><input size=\"40\" maxlength=\"400\" class=\"wpcf7-form-control wpcf7-text wpcf7-validates-as-required\" aria-required=\"true\" aria-invalid=\"false\" placeholder=\"Tel\u00e9fono\" value=\"\" type=\"text\" name=\"your-phone\" \/><\/span>\n\t\t\t<\/p>\n\t\t<\/div>\n\t\t<div class=\"col-2\">\n\t\t\t<p><span class=\"wpcf7-form-control-wrap\" data-name=\"countrytext-297\"><input size=\"40\" class=\"wpcf7-form-control wpcf7-countrytext wpcf7-text wpcf7-validates-as-countrytext\" aria-invalid=\"false\" placeholder=\"Pa\u00eds\" value=\"\" type=\"text\" name=\"countrytext-297\" \/><\/span>\n\t\t\t<\/p>\n\t\t<\/div>\n\t<\/div>\n\t<p><span class=\"wpcf7-form-control-wrap\" data-name=\"your-message\"><textarea cols=\"5\" rows=\"5\" maxlength=\"2000\" class=\"wpcf7-form-control wpcf7-textarea\" aria-invalid=\"false\" placeholder=\"Mensaje\" name=\"your-message\"><\/textarea><\/span>\n\t<\/p>\n<input class=\"wpcf7-form-control wpcf7-hidden\" id=\"current_page_title\" value=\"\" type=\"hidden\" name=\"current_page_title\" \/>\n<input class=\"wpcf7-form-control wpcf7-hidden\" id=\"current_page_url\" value=\"\" type=\"hidden\" name=\"current_page_url\" \/>\n\t<p><input class=\"wpcf7-form-control wpcf7-submit has-spinner\" type=\"submit\" value=\"Ponte en contacto\" \/>\n\t<\/p>\n<\/div><div class=\"wpcf7-response-output\" aria-hidden=\"true\"><\/div>\n<input type=\"hidden\" name=\"trp-form-language\" value=\"es_es\"\/><\/form>\n<\/div>\n<\/div>\n\t\t\t\t\t\t<\/div>\n\t\t\t\t\t<\/div>\n\t\t\t\t<\/div>\n\t\t\t\t\t<\/div>\n\t\t\t\t<\/div>\n\t\t<div class=\"elementor-element elementor-element-6116c3d e-flex e-con-boxed e-con e-parent\" data-id=\"6116c3d\" data-element_type=\"container\" data-e-type=\"container\">\n\t\t\t\t\t<div class=\"e-con-inner\">\n\t\t<div class=\"elementor-element elementor-element-2c58446 e-con-full e-flex e-con e-child\" data-id=\"2c58446\" data-element_type=\"container\" data-e-type=\"container\">\n\t\t\t\t<div class=\"elementor-element elementor-element-6d6922b elementor-view-default elementor-widget elementor-widget-icon\" data-id=\"6d6922b\" data-element_type=\"widget\" data-e-type=\"widget\" data-widget_type=\"icon.default\">\n\t\t\t\t\t\t\t<div class=\"elementor-icon-wrapper\">\n\t\t\t<div class=\"elementor-icon\">\n\t\t\t<svg xmlns=\"http:\/\/www.w3.org\/2000\/svg\" width=\"248\" height=\"248\" viewbox=\"0 0 248 248\" fill=\"none\"><path d=\"M62.091 65.4055L63.0906 65.4311L63.0924 65.3629L63.0848 65.2951L62.091 65.4055ZM61.8148 76.1778L60.8151 76.1522L60.8148 76.165V76.1778H61.8148ZM66.5104 80.8735V79.8735H66.455L66.4 79.8796L66.5104 80.8735ZM152.137 80.8735L152.844 81.5806L154.551 79.8735H152.137V80.8735ZM166.5 95.2366L167.5 95.2333L167.492 92.8301L165.793 94.5295L166.5 95.2366ZM166.776 181.139L167.77 181.249L167.776 181.193L167.776 181.136L166.776 181.139ZM171.472 185.835L171.472 186.835H171.484L171.497 186.834L171.472 185.835ZM182.244 185.558L182.354 184.565L182.286 184.557L182.218 184.559L182.244 185.558ZM61.0913 65.3799L60.8151 76.1522L62.8144 76.2035L63.0906 65.4311L61.0913 65.3799ZM60.8148 76.1778C60.8148 79.4227 63.4354 82.2213 66.6208 81.8673L66.4 79.8796C64.6136 80.0781 62.8148 78.4572 62.8148 76.1778H60.8148ZM66.5104 81.8735H152.137V79.8735H66.5104V81.8735ZM151.429 80.1664L57.2407 174.355L58.6549 175.769L152.844 81.5806L151.429 80.1664ZM57.2407 174.355C54.8791 176.717 55.2315 180.389 57.2407 182.399L58.6549 180.984C57.3495 179.679 57.1494 177.275 58.6549 175.769L57.2407 174.355ZM57.2407 182.399L64.9746 190.133L66.3888 188.718L58.6549 180.984L57.2407 182.399ZM64.9746 190.133C67.2987 192.457 70.694 192.457 73.018 190.133L71.6038 188.718C70.0608 190.261 67.9318 190.261 66.3888 188.718L64.9746 190.133ZM73.018 190.133L167.207 95.9437L165.793 94.5295L71.6038 188.718L73.018 190.133ZM165.5 95.2398L165.776 181.142L167.776 181.136L167.5 95.2333L165.5 95.2398ZM165.782 181.029C165.428 184.214 168.227 186.835 171.472 186.835L171.472 184.835C169.192 184.835 167.571 183.036 167.77 181.249L165.782 181.029ZM171.497 186.834L182.27 186.558L182.218 184.559L171.446 184.835L171.497 186.834ZM182.133 186.552C185.319 186.906 187.94 184.108 187.939 180.863L185.94 180.863C185.94 183.142 184.141 184.763 182.354 184.565L182.133 186.552ZM187.939 180.863L187.94 65.4055H185.94L185.94 180.863L187.939 180.863ZM187.94 65.4055C187.94 63.7849 187.368 62.3484 186.335 61.3148C185.301 60.2812 183.864 59.7099 182.244 59.7099V61.7099C183.385 61.7099 184.297 62.1053 184.92 62.729C185.544 63.3527 185.94 64.264 185.94 65.4055H187.94ZM182.244 59.7099H66.7866V61.7099H182.244V59.7099ZM66.7866 59.7099C63.5417 59.7099 60.7431 62.3305 61.0971 65.5159L63.0848 65.2951C62.8864 63.5087 64.5072 61.7099 66.7866 61.7099V59.7099Z\" fill=\"currentColor\"><\/path><\/svg>\t\t\t<\/div>\n\t\t<\/div>\n\t\t\t\t\t\t<\/div>\n\t\t\t\t<\/div>\n\t\t<div class=\"elementor-element elementor-element-ba6d9be e-con-full e-flex e-con e-child\" data-id=\"ba6d9be\" data-element_type=\"container\" data-e-type=\"container\">\n\t\t\t\t<div class=\"elementor-element elementor-element-af3d4f0 elementor-widget elementor-widget-indostio-heading\" data-id=\"af3d4f0\" data-element_type=\"widget\" data-e-type=\"widget\" data-widget_type=\"indostio-heading.default\">\n\t\t\t\t<div class=\"elementor-widget-container\">\n\t\t\t\t\t\t\t<div class=\"indostio-heading-elementor\">\r\n\t\t\t\t<h2 class=\"indostio-heading\">\r\n\t\t\t\t\tChina\t\t\t\t<\/h2>\r\n\t\t\t<\/div>\r\n\t\t\t\t\t\t<\/div>\n\t\t\t\t<\/div>\n\t\t\t\t<div class=\"elementor-element elementor-element-a054ec1 elementor-widget elementor-widget-indostio-heading\" data-id=\"a054ec1\" data-element_type=\"widget\" data-e-type=\"widget\" data-widget_type=\"indostio-heading.default\">\n\t\t\t\t<div class=\"elementor-widget-container\">\n\t\t\t\t\t\t\t<div class=\"indostio-heading-elementor\">\r\n\t\t\t\t<div class=\"indostio-heading\">\r\n\t\t\t\t\tDirecci\u00f3n de la f\u00e1brica: <br>\nNo.555 Xida Road, Meicun Street, Distrito de Xinwu, Ciudad de Wuxi, Provincia de Jiangsu, China\n\t\t\t\t<\/div>\r\n\t\t\t<\/div>\r\n\t\t\t\t\t\t<\/div>\n\t\t\t\t<\/div>\n\t\t\t\t<div class=\"elementor-element elementor-element-41e2cce elementor-widget elementor-widget-indostio-heading\" data-id=\"41e2cce\" data-element_type=\"widget\" data-e-type=\"widget\" data-widget_type=\"indostio-heading.default\">\n\t\t\t\t<div class=\"elementor-widget-container\">\n\t\t\t\t\t\t\t<div class=\"indostio-heading-elementor\">\r\n\t\t\t\t<div class=\"indostio-heading\">\r\n\t\t\t\t\tsales@rotaryvalveco.com\t\t\t\t<\/div>\r\n\t\t\t<\/div>\r\n\t\t\t\t\t\t<\/div>\n\t\t\t\t<\/div>\n\t\t\t\t<div class=\"elementor-element elementor-element-6005270 indostio-icon-box__icon-alignment--left indostio-icon-box__vertical-align-middle indostio-icon-box__icon-position--left elementor-widget elementor-widget-indostio-icon-box\" data-id=\"6005270\" data-element_type=\"widget\" data-e-type=\"widget\" data-widget_type=\"indostio-icon-box.default\">\n\t\t\t\t<div class=\"elementor-widget-container\">\n\t\t\t\t\t\t\t<div class=\"indostio-icon-box no-desc icon-type-icon\">\r\n\t\t\t\t\t\t\t\t\t\t<div class=\"indostio-icon-box__icon\">\r\n\t\t\t\t\t<span class=\"indostio-svg-icon\"><svg xmlns=\"http:\/\/www.w3.org\/2000\/svg\" width=\"13\" height=\"13\" viewbox=\"0 0 13 13\" fill=\"none\"><path d=\"M12.0547 1.50293L9.61719 0.94043C9.35938 0.870117 9.07812 1.01074 8.96094 1.26855L7.83594 3.89355C7.74219 4.12793 7.8125 4.38574 8 4.5498L9.42969 5.72168C8.58594 7.50293 7.10938 9.00293 5.28125 9.87012L4.10938 8.44043C3.94531 8.25293 3.6875 8.18262 3.45312 8.27637L0.828125 9.40137C0.570312 9.51855 0.453125 9.7998 0.5 10.0576L1.0625 12.4951C1.13281 12.7529 1.34375 12.917 1.625 12.917C7.625 12.917 12.5 8.06543 12.5 2.04199C12.5 1.78418 12.3125 1.57324 12.0547 1.50293Z\" fill=\"currentColor\"><\/path><\/svg><\/span>\t\t\t\t<\/div>\r\n\t\t\t\t\t\t<div class=\"indostio-icon-box__wrapper\">\r\n\t\t\t\t\t\t\t\t\t\t\t\t\t\t\t<\/div>\r\n\t\t<\/div>\r\n\t\t\t\t\t\t<\/div>\n\t\t\t\t<\/div>\n\t\t\t\t<\/div>\n\t\t<div class=\"elementor-element elementor-element-d34989e e-con-full e-flex e-con e-child\" data-id=\"d34989e\" data-element_type=\"container\" data-e-type=\"container\">\n\t\t\t\t<div class=\"elementor-element elementor-element-a081806 elementor-widget elementor-widget-indostio-heading\" data-id=\"a081806\" data-element_type=\"widget\" data-e-type=\"widget\" data-widget_type=\"indostio-heading.default\">\n\t\t\t\t<div class=\"elementor-widget-container\">\n\t\t\t\t\t\t\t<div class=\"indostio-heading-elementor\">\r\n\t\t\t\t<h2 class=\"indostio-heading\">\r\n\t\t\t\t\tAlemania\t\t\t\t<\/h2>\r\n\t\t\t<\/div>\r\n\t\t\t\t\t\t<\/div>\n\t\t\t\t<\/div>\n\t\t\t\t<div class=\"elementor-element elementor-element-bcee4b9 elementor-widget elementor-widget-indostio-heading\" data-id=\"bcee4b9\" data-element_type=\"widget\" data-e-type=\"widget\" data-widget_type=\"indostio-heading.default\">\n\t\t\t\t<div class=\"elementor-widget-container\">\n\t\t\t\t\t\t\t<div class=\"indostio-heading-elementor\">\r\n\t\t\t\t<div class=\"indostio-heading\">\r\n\t\t\t\t\tSucursal de la oficina: <br>\nFr\u00e1ncfort del Meno, Alemania\n<br><br><br>\t\t\t\t<\/div>\r\n\t\t\t<\/div>\r\n\t\t\t\t\t\t<\/div>\n\t\t\t\t<\/div>\n\t\t\t\t<div class=\"elementor-element elementor-element-fd9c17c elementor-widget elementor-widget-indostio-heading\" data-id=\"fd9c17c\" data-element_type=\"widget\" data-e-type=\"widget\" data-widget_type=\"indostio-heading.default\">\n\t\t\t\t<div class=\"elementor-widget-container\">\n\t\t\t\t\t\t\t<div class=\"indostio-heading-elementor\">\r\n\t\t\t\t<div class=\"indostio-heading\">\r\n\t\t\t\t\tsales@rotaryvalveco.com\t\t\t\t<\/div>\r\n\t\t\t<\/div>\r\n\t\t\t\t\t\t<\/div>\n\t\t\t\t<\/div>\n\t\t\t\t<div class=\"elementor-element elementor-element-d688a12 indostio-icon-box__icon-alignment--left indostio-icon-box__vertical-align-middle indostio-icon-box__icon-position--left elementor-widget elementor-widget-indostio-icon-box\" data-id=\"d688a12\" data-element_type=\"widget\" data-e-type=\"widget\" data-widget_type=\"indostio-icon-box.default\">\n\t\t\t\t<div class=\"elementor-widget-container\">\n\t\t\t\t\t\t\t<div class=\"indostio-icon-box no-desc icon-type-icon\">\r\n\t\t\t\t\t\t\t\t\t\t<div class=\"indostio-icon-box__icon\">\r\n\t\t\t\t\t<span class=\"indostio-svg-icon\"><svg xmlns=\"http:\/\/www.w3.org\/2000\/svg\" width=\"13\" height=\"13\" viewbox=\"0 0 13 13\" fill=\"none\"><path d=\"M12.0547 1.50293L9.61719 0.94043C9.35938 0.870117 9.07812 1.01074 8.96094 1.26855L7.83594 3.89355C7.74219 4.12793 7.8125 4.38574 8 4.5498L9.42969 5.72168C8.58594 7.50293 7.10938 9.00293 5.28125 9.87012L4.10938 8.44043C3.94531 8.25293 3.6875 8.18262 3.45312 8.27637L0.828125 9.40137C0.570312 9.51855 0.453125 9.7998 0.5 10.0576L1.0625 12.4951C1.13281 12.7529 1.34375 12.917 1.625 12.917C7.625 12.917 12.5 8.06543 12.5 2.04199C12.5 1.78418 12.3125 1.57324 12.0547 1.50293Z\" fill=\"currentColor\"><\/path><\/svg><\/span>\t\t\t\t<\/div>\r\n\t\t\t\t\t\t<div class=\"indostio-icon-box__wrapper\">\r\n\t\t\t\t\t\t\t\t\t\t\t\t\t\t\t<\/div>\r\n\t\t<\/div>\r\n\t\t\t\t\t\t<\/div>\n\t\t\t\t<\/div>\n\t\t\t\t<\/div>\n\t\t<div class=\"elementor-element elementor-element-cb2be43 e-con-full e-flex e-con e-child\" data-id=\"cb2be43\" data-element_type=\"container\" data-e-type=\"container\">\n\t\t\t\t<div class=\"elementor-element elementor-element-b64adcf elementor-widget elementor-widget-indostio-heading\" data-id=\"b64adcf\" data-element_type=\"widget\" data-e-type=\"widget\" data-widget_type=\"indostio-heading.default\">\n\t\t\t\t<div class=\"elementor-widget-container\">\n\t\t\t\t\t\t\t<div class=\"indostio-heading-elementor\">\r\n\t\t\t\t<h2 class=\"indostio-heading\">\r\n\t\t\t\t\tChina\t\t\t\t<\/h2>\r\n\t\t\t<\/div>\r\n\t\t\t\t\t\t<\/div>\n\t\t\t\t<\/div>\n\t\t\t\t<div class=\"elementor-element elementor-element-969539d elementor-widget elementor-widget-indostio-heading\" data-id=\"969539d\" data-element_type=\"widget\" data-e-type=\"widget\" data-widget_type=\"indostio-heading.default\">\n\t\t\t\t<div class=\"elementor-widget-container\">\n\t\t\t\t\t\t\t<div class=\"indostio-heading-elementor\">\r\n\t\t\t\t<div class=\"indostio-heading\">\r\n\t\t\t\t\tSucursal de la oficina: <br>\nShanghai<br>\nChina<br><br>\t\t\t\t<\/div>\r\n\t\t\t<\/div>\r\n\t\t\t\t\t\t<\/div>\n\t\t\t\t<\/div>\n\t\t\t\t<div class=\"elementor-element elementor-element-bd51c53 elementor-widget elementor-widget-indostio-heading\" data-id=\"bd51c53\" data-element_type=\"widget\" data-e-type=\"widget\" data-widget_type=\"indostio-heading.default\">\n\t\t\t\t<div class=\"elementor-widget-container\">\n\t\t\t\t\t\t\t<div class=\"indostio-heading-elementor\">\r\n\t\t\t\t<div class=\"indostio-heading\">\r\n\t\t\t\t\tsales@rotaryvalveco.com\t\t\t\t<\/div>\r\n\t\t\t<\/div>\r\n\t\t\t\t\t\t<\/div>\n\t\t\t\t<\/div>\n\t\t\t\t<div class=\"elementor-element elementor-element-3a1bd62 indostio-icon-box__icon-alignment--left indostio-icon-box__vertical-align-middle indostio-icon-box__icon-position--left elementor-widget elementor-widget-indostio-icon-box\" data-id=\"3a1bd62\" data-element_type=\"widget\" data-e-type=\"widget\" data-widget_type=\"indostio-icon-box.default\">\n\t\t\t\t<div class=\"elementor-widget-container\">\n\t\t\t\t\t\t\t<div class=\"indostio-icon-box no-desc icon-type-icon\">\r\n\t\t\t\t\t\t\t\t\t\t<div class=\"indostio-icon-box__icon\">\r\n\t\t\t\t\t<span class=\"indostio-svg-icon\"><svg xmlns=\"http:\/\/www.w3.org\/2000\/svg\" width=\"13\" height=\"13\" viewbox=\"0 0 13 13\" fill=\"none\"><path d=\"M12.0547 1.50293L9.61719 0.94043C9.35938 0.870117 9.07812 1.01074 8.96094 1.26855L7.83594 3.89355C7.74219 4.12793 7.8125 4.38574 8 4.5498L9.42969 5.72168C8.58594 7.50293 7.10938 9.00293 5.28125 9.87012L4.10938 8.44043C3.94531 8.25293 3.6875 8.18262 3.45312 8.27637L0.828125 9.40137C0.570312 9.51855 0.453125 9.7998 0.5 10.0576L1.0625 12.4951C1.13281 12.7529 1.34375 12.917 1.625 12.917C7.625 12.917 12.5 8.06543 12.5 2.04199C12.5 1.78418 12.3125 1.57324 12.0547 1.50293Z\" fill=\"currentColor\"><\/path><\/svg><\/span>\t\t\t\t<\/div>\r\n\t\t\t\t\t\t<div class=\"indostio-icon-box__wrapper\">\r\n\t\t\t\t\t\t\t\t\t\t\t\t\t\t\t<\/div>\r\n\t\t<\/div>\r\n\t\t\t\t\t\t<\/div>\n\t\t\t\t<\/div>\n\t\t\t\t<\/div>\n\t\t\t\t\t<\/div>\n\t\t\t\t<\/div>\n\t\t\t\t<\/div>","protected":false},"excerpt":{"rendered":"<p>Request a Quote Send us your requirements and our team will help you choose the right equipment for powder dosing, conveying, mixing, screening, or discharge applications. Get expert support for your powder handling project. China Factory address: No.555 Xida Road, Meicun Street, Xinwu District, Wuxi City, Jiangsu Province, China sales@rotaryvalveco.com Germany Office Branch: Frankfurt am [&hellip;]<\/p>\n","protected":false},"author":1,"featured_media":3776,"parent":0,"menu_order":0,"comment_status":"closed","ping_status":"closed","template":"","meta":{"footnotes":""},"class_list":["post-434","page","type-page","status-publish","has-post-thumbnail","hentry"],"_links":{"self":[{"href":"https:\/\/rotaryvalveco.com\/es_es\/wp-json\/wp\/v2\/pages\/434","targetHints":{"allow":["GET"]}}],"collection":[{"href":"https:\/\/rotaryvalveco.com\/es_es\/wp-json\/wp\/v2\/pages"}],"about":[{"href":"https:\/\/rotaryvalveco.com\/es_es\/wp-json\/wp\/v2\/types\/page"}],"author":[{"embeddable":true,"href":"https:\/\/rotaryvalveco.com\/es_es\/wp-json\/wp\/v2\/users\/1"}],"replies":[{"embeddable":true,"href":"https:\/\/rotaryvalveco.com\/es_es\/wp-json\/wp\/v2\/comments?post=434"}],"version-history":[{"count":36,"href":"https:\/\/rotaryvalveco.com\/es_es\/wp-json\/wp\/v2\/pages\/434\/revisions"}],"predecessor-version":[{"id":3940,"href":"https:\/\/rotaryvalveco.com\/es_es\/wp-json\/wp\/v2\/pages\/434\/revisions\/3940"}],"wp:featuredmedia":[{"embeddable":true,"href":"https:\/\/rotaryvalveco.com\/es_es\/wp-json\/wp\/v2\/media\/3776"}],"wp:attachment":[{"href":"https:\/\/rotaryvalveco.com\/es_es\/wp-json\/wp\/v2\/media?parent=434"}],"curies":[{"name":"wp","href":"https:\/\/api.w.org\/{rel}","templated":true}]}}